{"id":2949,"date":"2025-12-06T14:34:41","date_gmt":"2025-12-06T14:34:41","guid":{"rendered":"https:\/\/tecnopaneles.mx\/staging\/?post_type=product&#038;p=2949"},"modified":"2025-12-23T13:53:06","modified_gmt":"2025-12-23T19:53:06","slug":"okume","status":"publish","type":"product","link":"https:\/\/tecnopaneles.mx\/en\/categoria\/okume\/","title":{"rendered":"Okume"},"content":{"rendered":"<p>De tonalidad clara y vetas suaves, la chapa de Okum\u00e9 aporta ligereza visual y una est\u00e9tica limpia a cualquier espacio. Su grano fino y uniforme permite acabados elegantes y contempor\u00e1neos, ideales para proyectos donde el dise\u00f1o busca equilibrio, luminosidad y calidez natural sin excesos.<br data-start=\"603\" data-end=\"606\" \/>Es una opci\u00f3n vers\u00e1til para mobiliario moderno, interiores residenciales y aplicaciones comerciales que requieren una presencia sutil y sofisticada.<\/p>\n<h6><img decoding=\"async\" class=\"alignnone size-full wp-image-2952\" src=\"https:\/\/tecnopaneles.mx\/wp-content\/uploads\/2025\/12\/ICONOS-TECNO_medida-1.jpg\" alt=\"\" width=\"89\" height=\"89\" \/>\u00a0 1.22 m x 2.44 m<\/h6>\n<h6><img decoding=\"async\" class=\"alignnone size-medium wp-image-2953\" src=\"https:\/\/tecnopaneles.mx\/wp-content\/uploads\/2025\/12\/ICONOS-TECNO_aglomerado.jpg\" alt=\"\" width=\"89\" height=\"89\" \/>\u00a0 \u00a0Aglomerado\u00a0 \u00a0 \u00a0 \u00a0 \u00a0 <img decoding=\"async\" class=\"alignnone size-medium wp-image-2955\" src=\"https:\/\/tecnopaneles.mx\/wp-content\/uploads\/2025\/12\/ICONOS-TECNO_grosor-2.jpg\" alt=\"\" width=\"89\" height=\"89\" \/> 12 mm | 16 mm<\/h6>\n<h6><img loading=\"lazy\" decoding=\"async\" class=\"alignnone size-medium wp-image-2956\" src=\"https:\/\/tecnopaneles.mx\/wp-content\/uploads\/2025\/12\/ICONOS-TECNO_mdf.jpg\" alt=\"\" width=\"89\" height=\"89\" \/> MDF\u00a0 \u00a0 \u00a0 \u00a0 \u00a0 \u00a0 \u00a0 \u00a0 \u00a0 \u00a0 \u00a0 \u00a0 \u00a0<img decoding=\"async\" class=\"alignnone size-medium wp-image-2955\" src=\"https:\/\/tecnopaneles.mx\/wp-content\/uploads\/2025\/12\/ICONOS-TECNO_grosor-2.jpg\" alt=\"\" width=\"89\" height=\"89\" \/> 2.5 mm | 4.5 mm | 6 mm | 12 mm | 15 mm<\/h6>\n<h6><img loading=\"lazy\" decoding=\"async\" class=\"alignnone size-medium wp-image-2954\" src=\"https:\/\/tecnopaneles.mx\/wp-content\/uploads\/2025\/12\/ICONOS-TECNO_chapa-text4.jpg\" alt=\"\" width=\"89\" height=\"89\" \/> Veta \u00fanica<\/h6>","protected":false},"excerpt":{"rendered":"<p>De tonalidad clara y vetas suaves, la chapa de Okum\u00e9 aporta ligereza visual y una est\u00e9tica limpia a cualquier espacio. Su grano fino y uniforme permite acabados elegantes y contempor\u00e1neos, ideales para proyectos donde el dise\u00f1o busca equilibrio, luminosidad y calidez natural sin excesos.Es una opci\u00f3n vers\u00e1til para mobiliario moderno, interiores&hellip;<\/p>","protected":false},"featured_media":4201,"template":"","meta":{"_joinchat":[]},"product_brand":[],"product_cat":[55],"product_tag":[],"class_list":{"0":"post-2949","1":"product","2":"type-product","3":"status-publish","4":"has-post-thumbnail","6":"product_cat-enchapados","8":"first","9":"instock","10":"shipping-taxable","11":"product-type-simple"},"_links":{"self":[{"href":"https:\/\/tecnopaneles.mx\/en\/wp-json\/wp\/v2\/product\/2949","targetHints":{"allow":["GET"]}}],"collection":[{"href":"https:\/\/tecnopaneles.mx\/en\/wp-json\/wp\/v2\/product"}],"about":[{"href":"https:\/\/tecnopaneles.mx\/en\/wp-json\/wp\/v2\/types\/product"}],"wp:featuredmedia":[{"embeddable":true,"href":"https:\/\/tecnopaneles.mx\/en\/wp-json\/wp\/v2\/media\/4201"}],"wp:attachment":[{"href":"https:\/\/tecnopaneles.mx\/en\/wp-json\/wp\/v2\/media?parent=2949"}],"wp:term":[{"taxonomy":"product_brand","embeddable":true,"href":"https:\/\/tecnopaneles.mx\/en\/wp-json\/wp\/v2\/product_brand?post=2949"},{"taxonomy":"product_cat","embeddable":true,"href":"https:\/\/tecnopaneles.mx\/en\/wp-json\/wp\/v2\/product_cat?post=2949"},{"taxonomy":"product_tag","embeddable":true,"href":"https:\/\/tecnopaneles.mx\/en\/wp-json\/wp\/v2\/product_tag?post=2949"}],"curies":[{"name":"wp","href":"https:\/\/api.w.org\/{rel}","templated":true}]}}