{"id":3959,"date":"2025-12-18T12:17:09","date_gmt":"2025-12-18T18:17:09","guid":{"rendered":"https:\/\/tecnopaneles.mx\/?page_id=3959"},"modified":"2025-12-18T12:21:50","modified_gmt":"2025-12-18T18:21:50","slug":"solicita-muestrario","status":"publish","type":"page","link":"https:\/\/tecnopaneles.mx\/en\/solicita-muestrario\/","title":{"rendered":"Solicita muestrario"},"content":{"rendered":"<div data-elementor-type=\"wp-page\" data-elementor-id=\"3959\" class=\"elementor elementor-3959\">\n\t\t\t\t<div class=\"elementor-element elementor-element-ea67b2a e-flex e-con-boxed lakit-col-width-auto-no e-container e-root-container elementor-top-section e-con e-parent\" data-id=\"ea67b2a\" data-element_type=\"container\" data-e-type=\"container\">\n\t\t\t\t\t<div class=\"e-con-inner\">\n\t\t\t\t<div class=\"elementor-element elementor-element-800dc11 elementor-widget elementor-widget-spacer\" data-id=\"800dc11\" data-element_type=\"widget\" data-e-type=\"widget\" data-widget_type=\"spacer.default\">\n\t\t\t\t\t\t\t<div class=\"elementor-spacer\">\n\t\t\t<div class=\"elementor-spacer-inner\"><\/div>\n\t\t<\/div>\n\t\t\t\t\t\t<\/div>\n\t\t\t\t\t<\/div>\n\t\t\t\t<\/div>\n\t\t<div class=\"elementor-element elementor-element-55c1d48 e-flex e-con-boxed lakit-col-width-auto-no e-container e-root-container elementor-top-section e-con e-parent\" data-id=\"55c1d48\" data-element_type=\"container\" data-e-type=\"container\">\n\t\t\t\t\t<div class=\"e-con-inner\">\n\t\t\t\t<div class=\"elementor-element elementor-element-37423db elementor-widget elementor-widget-heading\" data-id=\"37423db\" data-element_type=\"widget\" data-e-type=\"widget\" data-widget_type=\"heading.default\">\n\t\t\t\t\t<h2 class=\"elementor-heading-title elementor-size-default\">Solicita tu muestrario<\/h2>\t\t\t\t<\/div>\n\t\t\t\t\t<\/div>\n\t\t\t\t<\/div>\n\t\t<div class=\"elementor-element elementor-element-fcd0719 e-flex e-con-boxed lakit-col-width-auto-no e-container e-root-container elementor-top-section e-con e-parent\" data-id=\"fcd0719\" data-element_type=\"container\" data-e-type=\"container\">\n\t\t\t\t\t<div class=\"e-con-inner\">\n\t\t\t\t<div class=\"elementor-element elementor-element-a38bcdd elementor-widget lastudio-kit elementor-lakit-contactform7\" data-id=\"a38bcdd\" data-element_type=\"widget\" data-e-type=\"widget\" data-widget_type=\"lakit-contactform7.default\">\n\t\t\t\t\t\n<div class=\"wpcf7 no-js\" id=\"wpcf7-f3957-o1\" lang=\"es-ES\" dir=\"ltr\" data-wpcf7-id=\"3957\">\n<div class=\"screen-reader-response\"><p role=\"status\" aria-live=\"polite\" aria-atomic=\"true\"><\/p> <ul><\/ul><\/div>\n<form action=\"\/en\/wp-json\/wp\/v2\/pages\/3959#wpcf7-f3957-o1\" method=\"post\" class=\"wpcf7-form init\" aria-label=\"Formulario de contacto\" novalidate=\"novalidate\" data-status=\"init\" data-trp-original-action=\"\/en\/wp-json\/wp\/v2\/pages\/3959#wpcf7-f3957-o1\">\n<fieldset class=\"hidden-fields-container\"><input type=\"hidden\" name=\"_wpcf7\" value=\"3957\" \/><input type=\"hidden\" name=\"_wpcf7_version\" value=\"6.1.5\" \/><input type=\"hidden\" name=\"_wpcf7_locale\" value=\"es_ES\" \/><input type=\"hidden\" name=\"_wpcf7_unit_tag\" value=\"wpcf7-f3957-o1\" \/><input type=\"hidden\" name=\"_wpcf7_container_post\" value=\"0\" \/><input type=\"hidden\" name=\"_wpcf7_posted_data_hash\" value=\"\" \/>\n<\/fieldset>\nNombre completo*\n<span class=\"wpcf7-form-control-wrap\" data-name=\"nombre\"><input size=\"40\" maxlength=\"400\" class=\"wpcf7-form-control wpcf7-text wpcf7-validates-as-required cf-field\" aria-required=\"true\" aria-invalid=\"false\" value=\"\" type=\"text\" name=\"nombre\" \/><\/span>\n\n<br>\n\nEmpresa \/ Proyecto*\n<span class=\"wpcf7-form-control-wrap\" data-name=\"empresa\"><input size=\"40\" maxlength=\"400\" class=\"wpcf7-form-control wpcf7-text wpcf7-validates-as-required cf-field\" aria-required=\"true\" aria-invalid=\"false\" value=\"\" type=\"text\" name=\"empresa\" \/><\/span>\n\n<br>\n\nCorreo electr\u00f3nico*\n<span class=\"wpcf7-form-control-wrap\" data-name=\"email\"><input size=\"40\" maxlength=\"400\" class=\"wpcf7-form-control wpcf7-email wpcf7-validates-as-required wpcf7-text wpcf7-validates-as-email cf-field\" aria-required=\"true\" aria-invalid=\"false\" value=\"\" type=\"email\" name=\"email\" \/><\/span>\n\n<br>\n\nTel\u00e9fono de contacto*\n<span class=\"wpcf7-form-control-wrap\" data-name=\"telefono\"><input size=\"40\" maxlength=\"400\" class=\"wpcf7-form-control wpcf7-tel wpcf7-validates-as-required wpcf7-text wpcf7-validates-as-tel cf-field\" aria-required=\"true\" aria-invalid=\"false\" value=\"\" type=\"tel\" name=\"telefono\" \/><\/span>\n\n<br>\n\nEstado*\n<span class=\"wpcf7-form-control-wrap\" data-name=\"estado\"><select class=\"wpcf7-form-control wpcf7-select wpcf7-validates-as-required cf-field\" aria-required=\"true\" aria-invalid=\"false\" name=\"estado\"><option value=\"Aguascalientes\">Aguascalientes<\/option><option value=\"Baja California\">Baja California<\/option><option value=\"Baja California Sur\">Baja California Sur<\/option><option value=\"Campeche\">Campeche<\/option><option value=\"Chiapas\">Chiapas<\/option><option value=\"Chihuahua\">Chihuahua<\/option><option value=\"Ciudad de M\u00e9xico\">Ciudad de M\u00e9xico<\/option><option value=\"Coahuila\">Coahuila<\/option><option value=\"Colima\">Colima<\/option><option value=\"Durango\">Durango<\/option><option value=\"Estado de M\u00e9xico\">Estado de M\u00e9xico<\/option><option value=\"Guanajuato\">Guanajuato<\/option><option value=\"Guerrero\">Guerrero<\/option><option value=\"Hidalgo\">Hidalgo<\/option><option value=\"Jalisco\">Jalisco<\/option><option value=\"Michoac\u00e1n\">Michoac\u00e1n<\/option><option value=\"Morelos\">Morelos<\/option><option value=\"Nayarit\">Nayarit<\/option><option value=\"Nuevo Le\u00f3n\">Nuevo Le\u00f3n<\/option><option value=\"Oaxaca\">Oaxaca<\/option><option value=\"Puebla\">Puebla<\/option><option value=\"Quer\u00e9taro\">Quer\u00e9taro<\/option><option value=\"Quintana Roo\">Quintana Roo<\/option><option value=\"San Luis Potos\u00ed\">San Luis Potos\u00ed<\/option><option value=\"Sinaloa\">Sinaloa<\/option><option value=\"Sonora\">Sonora<\/option><option value=\"Tabasco\">Tabasco<\/option><option value=\"Tamaulipas\">Tamaulipas<\/option><option value=\"Tlaxcala\">Tlaxcala<\/option><option value=\"Veracruz\">Veracruz<\/option><option value=\"Yucat\u00e1n\">Yucat\u00e1n<\/option><option value=\"Zacatecas\">Zacatecas<\/option><\/select><\/span>\n\n<br>\n\nCiudad*\n<span class=\"wpcf7-form-control-wrap\" data-name=\"ciudad\"><input size=\"40\" maxlength=\"400\" class=\"wpcf7-form-control wpcf7-text wpcf7-validates-as-required cf-field\" aria-required=\"true\" aria-invalid=\"false\" value=\"\" type=\"text\" name=\"ciudad\" \/><\/span>\n\n<br>\n\nColonia*\n<span class=\"wpcf7-form-control-wrap\" data-name=\"colonia\"><input size=\"40\" maxlength=\"400\" class=\"wpcf7-form-control wpcf7-text wpcf7-validates-as-required cf-field\" aria-required=\"true\" aria-invalid=\"false\" value=\"\" type=\"text\" name=\"colonia\" \/><\/span>\n\n<br>\n\nCalle*\n<span class=\"wpcf7-form-control-wrap\" data-name=\"calle\"><input size=\"40\" maxlength=\"400\" class=\"wpcf7-form-control wpcf7-text wpcf7-validates-as-required cf-field\" aria-required=\"true\" aria-invalid=\"false\" value=\"\" type=\"text\" name=\"calle\" \/><\/span>\n\n<br>\n\nN\u00famero exterior*\n<span class=\"wpcf7-form-control-wrap\" data-name=\"numero_exterior\"><input size=\"40\" maxlength=\"400\" class=\"wpcf7-form-control wpcf7-text wpcf7-validates-as-required cf-field\" aria-required=\"true\" aria-invalid=\"false\" value=\"\" type=\"text\" name=\"numero_exterior\" \/><\/span>\n\n<br>\n\nN\u00famero interior\n<span class=\"wpcf7-form-control-wrap\" data-name=\"numero_interior\"><input size=\"40\" maxlength=\"400\" class=\"wpcf7-form-control wpcf7-text cf-field\" aria-invalid=\"false\" value=\"\" type=\"text\" name=\"numero_interior\" \/><\/span>\n\n<br>\n\nC\u00f3digo postal*\n<span class=\"wpcf7-form-control-wrap\" data-name=\"codigo_postal\"><input size=\"40\" maxlength=\"400\" class=\"wpcf7-form-control wpcf7-text wpcf7-validates-as-required cf-field\" aria-required=\"true\" aria-invalid=\"false\" value=\"\" type=\"text\" name=\"codigo_postal\" \/><\/span>\n\n<br>\n\nTipo de proyecto*\n<span class=\"wpcf7-form-control-wrap\" data-name=\"proyecto\"><select class=\"wpcf7-form-control wpcf7-select wpcf7-validates-as-required cf-field\" aria-required=\"true\" aria-invalid=\"false\" name=\"proyecto\"><option value=\"Residencial\">Residencial<\/option><option value=\"Comercial\">Comercial<\/option><option value=\"Corporativo\">Corporativo<\/option><option value=\"Retail\">Retail<\/option><option value=\"Industrial\">Industrial<\/option><option value=\"Otro\">Otro<\/option><\/select><\/span>\n\n<br>\n\n\u00bfQu\u00e9 tipo de muestras te interesa recibir?*\n<span class=\"wpcf7-form-control-wrap\" data-name=\"muestras\"><span class=\"wpcf7-form-control wpcf7-checkbox wpcf7-validates-as-required cf-field\"><span class=\"wpcf7-list-item first\"><input type=\"checkbox\" name=\"muestras[]\" value=\"MDF\" \/><span class=\"wpcf7-list-item-label\">MDF<\/span><\/span><span class=\"wpcf7-list-item\"><input type=\"checkbox\" name=\"muestras[]\" value=\"Aglomerado\" \/><span class=\"wpcf7-list-item-label\">Aglomerado<\/span><\/span><span class=\"wpcf7-list-item\"><input type=\"checkbox\" name=\"muestras[]\" value=\"Melaminas\" \/><span class=\"wpcf7-list-item-label\">Melaminas<\/span><\/span><span class=\"wpcf7-list-item\"><input type=\"checkbox\" name=\"muestras[]\" value=\"Chapas naturales\" \/><span class=\"wpcf7-list-item-label\">Chapas naturales<\/span><\/span><span class=\"wpcf7-list-item\"><input type=\"checkbox\" name=\"muestras[]\" value=\"Foil\" \/><span class=\"wpcf7-list-item-label\">Foil<\/span><\/span><span class=\"wpcf7-list-item last\"><input type=\"checkbox\" name=\"muestras[]\" value=\"Superficies especiales\" \/><span class=\"wpcf7-list-item-label\">Superficies especiales<\/span><\/span><\/span><\/span>\n\n<br>\n\n\u00bfPara qu\u00e9 utilizar\u00e1s las muestras?*\n<span class=\"wpcf7-form-control-wrap\" data-name=\"uso\"><textarea cols=\"40\" rows=\"10\" maxlength=\"2000\" class=\"wpcf7-form-control wpcf7-textarea wpcf7-validates-as-required cf-field\" aria-required=\"true\" aria-invalid=\"false\" placeholder=\"Ej. Desarrollo de proyecto, especificaci\u00f3n para cliente, showroom, pruebas de color, etc.\" name=\"uso\"><\/textarea><\/span>\n\n<br>\n\nComentarios adicionales\n<span class=\"wpcf7-form-control-wrap\" data-name=\"comentarios\"><textarea cols=\"40\" rows=\"10\" maxlength=\"2000\" class=\"wpcf7-form-control wpcf7-textarea cf-field\" aria-invalid=\"false\" name=\"comentarios\"><\/textarea><\/span>\n\n<br>\n\n<input class=\"wpcf7-form-control wpcf7-submit has-spinner\" type=\"submit\" value=\"Solicitar kit de muestras\" \/><div class=\"wpcf7-response-output\" aria-hidden=\"true\"><\/div>\n<input type=\"hidden\" name=\"trp-form-language\" value=\"en\"\/><\/form>\n<\/div>\n\t\t\t\t<\/div>\n\t\t\t\t\t<\/div>\n\t\t\t\t<\/div>\n\t\t<div class=\"elementor-element elementor-element-c76b20a e-flex e-con-boxed lakit-col-width-auto-no e-container e-root-container elementor-top-section e-con e-parent\" data-id=\"c76b20a\" data-element_type=\"container\" data-e-type=\"container\">\n\t\t\t\t\t<div class=\"e-con-inner\">\n\t\t\t\t<div class=\"elementor-element elementor-element-1c0862a elementor-widget elementor-widget-spacer\" data-id=\"1c0862a\" data-element_type=\"widget\" data-e-type=\"widget\" data-widget_type=\"spacer.default\">\n\t\t\t\t\t\t\t<div class=\"elementor-spacer\">\n\t\t\t<div class=\"elementor-spacer-inner\"><\/div>\n\t\t<\/div>\n\t\t\t\t\t\t<\/div>\n\t\t\t\t\t<\/div>\n\t\t\t\t<\/div>\n\t\t\t\t<\/div>","protected":false},"excerpt":{"rendered":"<p>Solicita tu muestrario Nombre completo* Empresa \/ Proyecto* Correo electr\u00f3nico Tel\u00e9fono de contacto Estado AguascalientesBaja CaliforniaBaja California SurCampecheChiapasChihuahuaCiudad de M\u00e9xicoCoahuilaColimaDurangoEstado de M\u00e9xicoGuanajuatoGuerreroHidalgoJaliscoMichoac\u00e1nMorelosNayaritNuevo Le\u00f3nOaxacaPueblaQuer\u00e9taroQuintana RooSan Luis Potos\u00edSinaloaSonoraTabascoTamaulipasTlaxcalaVeracruzYucat\u00e1nZacatecas Ciudad* Direcci\u00f3n de env\u00edo* Tipo de proyecto* ResidencialComercialCorporativoRetailIndustrialOtro \u00bfQu\u00e9 tipo de muestras te interesa recibir? MDFAglomeradoMelaminasChapas naturalesFoilSuperficies especiales \u00bfPara qu\u00e9 utilizar\u00e1s las muestras?* Comentarios adicionales*<\/p>","protected":false},"author":1,"featured_media":0,"parent":0,"menu_order":0,"comment_status":"closed","ping_status":"closed","template":"","meta":{"_joinchat":[],"footnotes":""},"class_list":["post-3959","page","type-page","status-publish","hentry"],"_links":{"self":[{"href":"https:\/\/tecnopaneles.mx\/en\/wp-json\/wp\/v2\/pages\/3959","targetHints":{"allow":["GET"]}}],"collection":[{"href":"https:\/\/tecnopaneles.mx\/en\/wp-json\/wp\/v2\/pages"}],"about":[{"href":"https:\/\/tecnopaneles.mx\/en\/wp-json\/wp\/v2\/types\/page"}],"author":[{"embeddable":true,"href":"https:\/\/tecnopaneles.mx\/en\/wp-json\/wp\/v2\/users\/1"}],"replies":[{"embeddable":true,"href":"https:\/\/tecnopaneles.mx\/en\/wp-json\/wp\/v2\/comments?post=3959"}],"version-history":[{"count":7,"href":"https:\/\/tecnopaneles.mx\/en\/wp-json\/wp\/v2\/pages\/3959\/revisions"}],"predecessor-version":[{"id":3970,"href":"https:\/\/tecnopaneles.mx\/en\/wp-json\/wp\/v2\/pages\/3959\/revisions\/3970"}],"wp:attachment":[{"href":"https:\/\/tecnopaneles.mx\/en\/wp-json\/wp\/v2\/media?parent=3959"}],"curies":[{"name":"wp","href":"https:\/\/api.w.org\/{rel}","templated":true}]}}