{"id":3707,"date":"2025-12-15T14:30:21","date_gmt":"2025-12-15T20:30:21","guid":{"rendered":"https:\/\/tecnopaneles.mx\/staging\/?page_id=3707"},"modified":"2025-12-17T11:02:56","modified_gmt":"2025-12-17T17:02:56","slug":"cotiza-tus-proyectos","status":"publish","type":"page","link":"https:\/\/tecnopaneles.mx\/en\/cotiza-tus-proyectos\/","title":{"rendered":"Cotiza tus proyectos"},"content":{"rendered":"<div data-elementor-type=\"wp-page\" data-elementor-id=\"3707\" class=\"elementor elementor-3707\">\n\t\t\t\t<div class=\"elementor-element elementor-element-f9c7803 e-flex e-con-boxed lakit-col-width-auto-no e-container e-root-container elementor-top-section e-con e-parent\" data-id=\"f9c7803\" data-element_type=\"container\" data-e-type=\"container\">\n\t\t\t\t\t<div class=\"e-con-inner\">\n\t\t\t\t<div class=\"elementor-element elementor-element-860cc9a elementor-widget elementor-widget-spacer\" data-id=\"860cc9a\" data-element_type=\"widget\" data-e-type=\"widget\" data-widget_type=\"spacer.default\">\n\t\t\t\t\t\t\t<div class=\"elementor-spacer\">\n\t\t\t<div class=\"elementor-spacer-inner\"><\/div>\n\t\t<\/div>\n\t\t\t\t\t\t<\/div>\n\t\t\t\t\t<\/div>\n\t\t\t\t<\/div>\n\t\t<div class=\"elementor-element elementor-element-26a4772 e-flex e-con-boxed lakit-col-width-auto-no e-container e-root-container elementor-top-section e-con e-parent\" data-id=\"26a4772\" data-element_type=\"container\" data-e-type=\"container\">\n\t\t\t\t\t<div class=\"e-con-inner\">\n\t\t\t\t<div class=\"elementor-element elementor-element-93a6fb8 elementor-widget elementor-widget-heading\" data-id=\"93a6fb8\" data-element_type=\"widget\" data-e-type=\"widget\" data-widget_type=\"heading.default\">\n\t\t\t\t\t<h2 class=\"elementor-heading-title elementor-size-default\">Cotiza tus proyectos especiales<\/h2>\t\t\t\t<\/div>\n\t\t\t\t\t<\/div>\n\t\t\t\t<\/div>\n\t\t<div class=\"elementor-element elementor-element-c8f0b0d e-flex e-con-boxed lakit-col-width-auto-no e-container e-root-container elementor-top-section e-con e-parent\" data-id=\"c8f0b0d\" data-element_type=\"container\" data-e-type=\"container\">\n\t\t\t\t\t<div class=\"e-con-inner\">\n\t\t\t\t<div class=\"elementor-element elementor-element-9328f48 elementor-widget lastudio-kit elementor-lakit-contactform7\" data-id=\"9328f48\" data-element_type=\"widget\" data-e-type=\"widget\" data-widget_type=\"lakit-contactform7.default\">\n\t\t\t\t\t\n<div class=\"wpcf7 no-js\" id=\"wpcf7-f3706-o1\" lang=\"es-ES\" dir=\"ltr\" data-wpcf7-id=\"3706\">\n<div class=\"screen-reader-response\"><p role=\"status\" aria-live=\"polite\" aria-atomic=\"true\"><\/p> <ul><\/ul><\/div>\n<form action=\"\/en\/wp-json\/wp\/v2\/pages\/3707#wpcf7-f3706-o1\" method=\"post\" class=\"wpcf7-form init\" aria-label=\"Formulario de contacto\" enctype=\"multipart\/form-data\" novalidate=\"novalidate\" data-status=\"init\" data-trp-original-action=\"\/en\/wp-json\/wp\/v2\/pages\/3707#wpcf7-f3706-o1\">\n<fieldset class=\"hidden-fields-container\"><input type=\"hidden\" name=\"_wpcf7\" value=\"3706\" \/><input type=\"hidden\" name=\"_wpcf7_version\" value=\"6.1.5\" \/><input type=\"hidden\" name=\"_wpcf7_locale\" value=\"es_ES\" \/><input type=\"hidden\" name=\"_wpcf7_unit_tag\" value=\"wpcf7-f3706-o1\" \/><input type=\"hidden\" name=\"_wpcf7_container_post\" value=\"0\" \/><input type=\"hidden\" name=\"_wpcf7_posted_data_hash\" value=\"\" \/>\n<\/fieldset>\n<label>Nombre completo*<\/label><br>\n<span class=\"wpcf7-form-control-wrap\" data-name=\"nombre\"><input size=\"40\" maxlength=\"400\" class=\"wpcf7-form-control wpcf7-text wpcf7-validates-as-required\" aria-required=\"true\" aria-invalid=\"false\" placeholder=\"Nombre completo\" value=\"\" type=\"text\" name=\"nombre\" \/><\/span>\n<br><br>\n\n<label>Tel\u00e9fono \/ WhatsApp*<\/label><br>\n<span class=\"wpcf7-form-control-wrap\" data-name=\"telefono\"><input size=\"40\" maxlength=\"400\" class=\"wpcf7-form-control wpcf7-tel wpcf7-validates-as-required wpcf7-text wpcf7-validates-as-tel\" aria-required=\"true\" aria-invalid=\"false\" placeholder=\"Tel\u00e9fono \/ WhatsApp\" value=\"\" type=\"tel\" name=\"telefono\" \/><\/span>\n<br><br>\n\n<label>Correo electr\u00f3nico*<\/label><br>\n<span class=\"wpcf7-form-control-wrap\" data-name=\"email\"><input size=\"40\" maxlength=\"400\" class=\"wpcf7-form-control wpcf7-email wpcf7-validates-as-required wpcf7-text wpcf7-validates-as-email\" aria-required=\"true\" aria-invalid=\"false\" placeholder=\"Correo electr\u00f3nico\" value=\"\" type=\"email\" name=\"email\" \/><\/span>\n<br><br>\n\n<label>Estado*<\/label><br>\n<span class=\"wpcf7-form-control-wrap\" data-name=\"estado\"><select class=\"wpcf7-form-control wpcf7-select wpcf7-validates-as-required\" aria-required=\"true\" aria-invalid=\"false\" name=\"estado\"><option value=\"\">&#8212;Por favor, elige una opci\u00f3n&#8212;<\/option><option value=\"Aguascalientes\">Aguascalientes<\/option><option value=\"Baja California\">Baja California<\/option><option value=\"Baja California Sur\">Baja California Sur<\/option><option value=\"Campeche\">Campeche<\/option><option value=\"Chiapas\">Chiapas<\/option><option value=\"Chihuahua\">Chihuahua<\/option><option value=\"Ciudad de M\u00e9xico\">Ciudad de M\u00e9xico<\/option><option value=\"Coahuila\">Coahuila<\/option><option value=\"Colima\">Colima<\/option><option value=\"Durango\">Durango<\/option><option value=\"Estado de M\u00e9xico\">Estado de M\u00e9xico<\/option><option value=\"Guanajuato\">Guanajuato<\/option><option value=\"Guerrero\">Guerrero<\/option><option value=\"Hidalgo\">Hidalgo<\/option><option value=\"Jalisco\">Jalisco<\/option><option value=\"Michoac\u00e1n\">Michoac\u00e1n<\/option><option value=\"Morelos\">Morelos<\/option><option value=\"Nayarit\">Nayarit<\/option><option value=\"Nuevo Le\u00f3n\">Nuevo Le\u00f3n<\/option><option value=\"Oaxaca\">Oaxaca<\/option><option value=\"Puebla\">Puebla<\/option><option value=\"Quer\u00e9taro\">Quer\u00e9taro<\/option><option value=\"Quintana Roo\">Quintana Roo<\/option><option value=\"San Luis Potos\u00ed\">San Luis Potos\u00ed<\/option><option value=\"Sinaloa\">Sinaloa<\/option><option value=\"Sonora\">Sonora<\/option><option value=\"Tabasco\">Tabasco<\/option><option value=\"Tamaulipas\">Tamaulipas<\/option><option value=\"Tlaxcala\">Tlaxcala<\/option><option value=\"Veracruz\">Veracruz<\/option><option value=\"Yucat\u00e1n\">Yucat\u00e1n<\/option><option value=\"Zacatecas\">Zacatecas<\/option><\/select><\/span>\n<br><br>\n\n<label>Tipo de proyecto*<\/label><br>\n<span class=\"wpcf7-form-control-wrap\" data-name=\"tipo_proyecto\"><select class=\"wpcf7-form-control wpcf7-select wpcf7-validates-as-required\" aria-required=\"true\" aria-invalid=\"false\" name=\"tipo_proyecto\"><option value=\"\">&#8212;Por favor, elige una opci\u00f3n&#8212;<\/option><option value=\"Mobiliario residencial\">Mobiliario residencial<\/option><option value=\"Mobiliario comercial\">Mobiliario comercial<\/option><option value=\"Cocinas\">Cocinas<\/option><option value=\"Closets\">Closets<\/option><option value=\"Arquitectura \/ Interiorismo\">Arquitectura \/ Interiorismo<\/option><option value=\"Fabricaci\u00f3n en serie\">Fabricaci\u00f3n en serie<\/option><option value=\"Otro\">Otro<\/option><\/select><\/span>\n<br><br>\n\n<label>Producto(s) a cotizar*<\/label><br>\n<span class=\"wpcf7-form-control-wrap\" data-name=\"productos\"><span class=\"wpcf7-form-control wpcf7-checkbox wpcf7-validates-as-required\"><span class=\"wpcf7-list-item first\"><label><input type=\"checkbox\" name=\"productos[]\" value=\"Aglomerado\" \/><span class=\"wpcf7-list-item-label\">Aglomerado<\/span><\/label><\/span><span class=\"wpcf7-list-item\"><label><input type=\"checkbox\" name=\"productos[]\" value=\"MDF\" \/><span class=\"wpcf7-list-item-label\">MDF<\/span><\/label><\/span><span class=\"wpcf7-list-item\"><label><input type=\"checkbox\" name=\"productos[]\" value=\"Melaminas\" \/><span class=\"wpcf7-list-item-label\">Melaminas<\/span><\/label><\/span><span class=\"wpcf7-list-item\"><label><input type=\"checkbox\" name=\"productos[]\" value=\"Chapa Natural (Veneer)\" \/><span class=\"wpcf7-list-item-label\">Chapa Natural (Veneer)<\/span><\/label><\/span><span class=\"wpcf7-list-item last\"><label><input type=\"checkbox\" name=\"productos[]\" value=\"Foil\" \/><span class=\"wpcf7-list-item-label\">Foil<\/span><\/label><\/span><\/span><\/span>\n<br><br>\n\n<label>Espesores \/ formatos requeridos*<\/label><br>\n<span class=\"wpcf7-form-control-wrap\" data-name=\"espesores\"><input size=\"40\" maxlength=\"400\" class=\"wpcf7-form-control wpcf7-text wpcf7-validates-as-required\" aria-required=\"true\" aria-invalid=\"false\" placeholder=\"Ej. 2.5 mm, 5.5 mm, 12 mm, 15 mm\/ Tablero completo o corte a medida\" value=\"\" type=\"text\" name=\"espesores\" \/><\/span>\n<br><br>\n\n<label>Volumen estimado*<\/label><br>\n<span class=\"wpcf7-form-control-wrap\" data-name=\"volumen\"><select class=\"wpcf7-form-control wpcf7-select wpcf7-validates-as-required\" aria-required=\"true\" aria-invalid=\"false\" name=\"volumen\"><option value=\"\">&#8212;Por favor, elige una opci\u00f3n&#8212;<\/option><option value=\"Proyecto \u00fanico\">Proyecto \u00fanico<\/option><option value=\"Producci\u00f3n peque\u00f1a\">Producci\u00f3n peque\u00f1a<\/option><option value=\"Producci\u00f3n media\">Producci\u00f3n media<\/option><option value=\"Producci\u00f3n alta \/ recurrente\">Producci\u00f3n alta \/ recurrente<\/option><\/select><\/span>\n<br><br>\n\n<label>Urgencia de la cotizaci\u00f3n*<\/label><br>\n<span class=\"wpcf7-form-control-wrap\" data-name=\"urgencia\"><select class=\"wpcf7-form-control wpcf7-select wpcf7-validates-as-required\" aria-required=\"true\" aria-invalid=\"false\" name=\"urgencia\"><option value=\"\">&#8212;Por favor, elige una opci\u00f3n&#8212;<\/option><option value=\"Inmediata\">Inmediata<\/option><option value=\"En los pr\u00f3ximos d\u00edas\">En los pr\u00f3ximos d\u00edas<\/option><option value=\"Esta semana\">Esta semana<\/option><option value=\"Sin urgencia\">Sin urgencia<\/option><\/select><\/span>\n<br><br>\n\n<label>Fecha estimada de compra*<\/label><br>\n<span class=\"wpcf7-form-control-wrap\" data-name=\"fecha_compra\"><select class=\"wpcf7-form-control wpcf7-select wpcf7-validates-as-required\" aria-required=\"true\" aria-invalid=\"false\" name=\"fecha_compra\"><option value=\"\">&#8212;Por favor, elige una opci\u00f3n&#8212;<\/option><option value=\"Inmediata\">Inmediata<\/option><option value=\"1 \u2013 2 semanas\">1 \u2013 2 semanas<\/option><option value=\"3 \u2013 4 semanas\">3 \u2013 4 semanas<\/option><option value=\"M\u00e1s de un mes\">M\u00e1s de un mes<\/option><\/select><\/span>\n<br><br>\n\n<label>Detalles adicionales del proyecto*<\/label><br>\n<span class=\"wpcf7-form-control-wrap\" data-name=\"mensaje\"><textarea cols=\"40\" rows=\"10\" maxlength=\"2000\" class=\"wpcf7-form-control wpcf7-textarea wpcf7-validates-as-required\" aria-required=\"true\" aria-invalid=\"false\" placeholder=\"Incluye especificaciones t\u00e9cnicas, acabados, normas, vol\u00famenes por producto, etc.\" name=\"mensaje\"><\/textarea><\/span>\n<br><br>\n\n<label>Adjuntar archivo (opcional)<\/label><br>\n<span class=\"wpcf7-form-control-wrap\" data-name=\"archivo\"><input size=\"40\" class=\"wpcf7-form-control wpcf7-file\" accept=\".pdf,.jpg,.png,.dwg\" aria-invalid=\"false\" type=\"file\" name=\"archivo\" \/><\/span>\n<br><br>\n\n<input class=\"wpcf7-form-control wpcf7-submit has-spinner\" type=\"submit\" value=\"Solicitar cotizaci\u00f3n\" \/><div class=\"wpcf7-response-output\" aria-hidden=\"true\"><\/div>\n<input type=\"hidden\" name=\"trp-form-language\" value=\"en\"\/><\/form>\n<\/div>\n\t\t\t\t<\/div>\n\t\t\t\t\t<\/div>\n\t\t\t\t<\/div>\n\t\t<div class=\"elementor-element elementor-element-04cb021 e-flex e-con-boxed lakit-col-width-auto-no e-container e-root-container elementor-top-section e-con e-parent\" data-id=\"04cb021\" data-element_type=\"container\" data-e-type=\"container\">\n\t\t\t\t\t<div class=\"e-con-inner\">\n\t\t\t\t<div class=\"elementor-element elementor-element-ca482a3 elementor-widget elementor-widget-spacer\" data-id=\"ca482a3\" data-element_type=\"widget\" data-e-type=\"widget\" data-widget_type=\"spacer.default\">\n\t\t\t\t\t\t\t<div class=\"elementor-spacer\">\n\t\t\t<div class=\"elementor-spacer-inner\"><\/div>\n\t\t<\/div>\n\t\t\t\t\t\t<\/div>\n\t\t\t\t\t<\/div>\n\t\t\t\t<\/div>\n\t\t\t\t<\/div>","protected":false},"excerpt":{"rendered":"<p>Cotiza tus proyectos especiales Nombre completo* Tel\u00e9fono \/ WhatsApp* Correo electr\u00f3nico* Estado* &#8212;Por favor, elige una opci\u00f3n&#8212;AguascalientesBaja CaliforniaBaja California SurCampecheChiapasChihuahuaCiudad de M\u00e9xicoCoahuilaColimaDurangoEstado de M\u00e9xicoGuanajuatoGuerreroHidalgoJaliscoMichoac\u00e1nMorelosNayaritNuevo Le\u00f3nOaxacaPueblaQuer\u00e9taroQuintana RooSan Luis Potos\u00edSinaloaSonoraTabascoTamaulipasTlaxcalaVeracruzYucat\u00e1nZacatecas Tipo de proyecto* &#8212;Por favor, elige una opci\u00f3n&#8212;Mobiliario residencialMobiliario comercialCocinasClosetsArquitectura \/ InteriorismoFabricaci\u00f3n en serieOtro Producto(s) a cotizar* AglomeradoMDFMelaminasChapa Natural (Veneer)Foil Espesores \/ formatos&hellip;<\/p>","protected":false},"author":1,"featured_media":0,"parent":0,"menu_order":0,"comment_status":"closed","ping_status":"closed","template":"","meta":{"_joinchat":[],"footnotes":""},"class_list":["post-3707","page","type-page","status-publish","hentry"],"_links":{"self":[{"href":"https:\/\/tecnopaneles.mx\/en\/wp-json\/wp\/v2\/pages\/3707","targetHints":{"allow":["GET"]}}],"collection":[{"href":"https:\/\/tecnopaneles.mx\/en\/wp-json\/wp\/v2\/pages"}],"about":[{"href":"https:\/\/tecnopaneles.mx\/en\/wp-json\/wp\/v2\/types\/page"}],"author":[{"embeddable":true,"href":"https:\/\/tecnopaneles.mx\/en\/wp-json\/wp\/v2\/users\/1"}],"replies":[{"embeddable":true,"href":"https:\/\/tecnopaneles.mx\/en\/wp-json\/wp\/v2\/comments?post=3707"}],"version-history":[{"count":13,"href":"https:\/\/tecnopaneles.mx\/en\/wp-json\/wp\/v2\/pages\/3707\/revisions"}],"predecessor-version":[{"id":3898,"href":"https:\/\/tecnopaneles.mx\/en\/wp-json\/wp\/v2\/pages\/3707\/revisions\/3898"}],"wp:attachment":[{"href":"https:\/\/tecnopaneles.mx\/en\/wp-json\/wp\/v2\/media?parent=3707"}],"curies":[{"name":"wp","href":"https:\/\/api.w.org\/{rel}","templated":true}]}}