{"id":2473,"date":"2022-08-11T08:01:43","date_gmt":"2022-08-11T08:01:43","guid":{"rendered":"https:\/\/ciri.la-studioweb.com\/?page_id=3"},"modified":"2025-12-06T17:25:25","modified_gmt":"2025-12-06T17:25:25","slug":"privacy-policy-2","status":"publish","type":"page","link":"https:\/\/tecnopaneles.mx\/en\/privacy-policy-2\/","title":{"rendered":"Privacy Notice"},"content":{"rendered":"\n<h2 class=\"wp-block-heading\">\u00bfQuienes somos? <\/h2>\n\n\n\n<p>TECNOPANELES DE OCOTL\u00c1N SOCIEDAD ANONIMA DE CAPITAL VARIABLE, mejor conocido como TecnoPaneles, con domicilio en calle carretera Ocotl\u00e1n &#8211; Tototl\u00e1n kil\u00f3metro 9.3, en la delegaci\u00f3n de San Mart\u00edn de Zula, Municipio de Ocotl\u00e1n, Jalisco, con C\u00f3digo Postal 47780, y portal de internet&nbsp;www.tecnopaneles.com, es el responsable del uso y protecci\u00f3n de sus datos personales, y al respecto le informamos lo siguiente:<\/p>\n\n\n\n<h2 class=\"wp-block-heading\">\u00bfPara qu\u00e9 fines utilizaremos sus datos personales?<\/h2>\n\n\n\n<p>Los datos personales que recabamos de usted, los utilizaremos para las siguientes finalidades que son necesarias para el servicio que solicita:<\/p>\n\n\n\n<ul class=\"wp-block-list\">\n<li>Fabricaci\u00f3n de tableros de aglomerado<\/li>\n\n\n\n<li>Comercializaci\u00f3n de tableros derivados de la madera con diferentes acabados<\/li>\n\n\n\n<li>Celebraci\u00f3n de Contratos de Manufactura<\/li>\n<\/ul>\n\n\n\n<p>De manera adicional, utilizaremos su informaci\u00f3n personal para las siguientes finalidades secundarias que no son necesarias para el servicio solicitado, pero que nos permiten y facilitan brindarle una mejor atenci\u00f3n:<\/p>\n\n\n\n<ul class=\"wp-block-list\">\n<li>Mercadotecnia o publicitaria<\/li>\n\n\n\n<li>Prospecci\u00f3n comercial<\/li>\n<\/ul>\n\n\n\n<p>En caso de que no desee que sus datos personales se utilicen para estos fines secundarios, ind\u00edquelo a continuaci\u00f3n:<\/p>\n\n\n\n<p>No consiento que mis datos personales se utilicen para los siguientes fines:<br>[ &nbsp;&nbsp; ] Mercadotecnia o publicitaria<br>[ &nbsp;&nbsp; ] Prospecci\u00f3n comercial<\/p>\n\n\n\n<p>La negativa para el uso de sus datos personales para estas finalidades no podr\u00e1 ser un motivo para que le neguemos los servicios y productos que solicita o contrata con nosotros.<\/p>\n\n\n\n<h2 class=\"wp-block-heading\">\u00bfQu\u00e9 datos personales utilizaremos para estos fines?<\/h2>\n\n\n\n<p>Para llevar a cabo las finalidades descritas en el presente aviso de privacidad, utilizaremos los siguientes datos personales:<\/p>\n\n\n\n<ul class=\"wp-block-list\">\n<li>Datos de identificaci\u00f3n<\/li>\n\n\n\n<li>Datos de contacto<\/li>\n\n\n\n<li>Datos sobre caracter\u00edsticas f\u00edsicas<\/li>\n\n\n\n<li>Datos biom\u00e9tricos<\/li>\n\n\n\n<li>Datos laborales<\/li>\n\n\n\n<li>Datos acad\u00e9micos<\/li>\n\n\n\n<li>Datos migratorios<\/li>\n\n\n\n<li>Datos patrimoniales y\/o financieros<\/li>\n<\/ul>\n\n\n\n<p>Adem\u00e1s de los datos personales mencionados anteriormente, para las finalidades informadas en el presente aviso de privacidad utilizaremos los siguientes datos personales considerados como sensibles, que requieren de especial protecci\u00f3n:<\/p>\n\n\n\n<ul class=\"wp-block-list\">\n<li>Datos de su establecimiento mercantil<\/li>\n<\/ul>\n\n\n\n<h2 class=\"wp-block-heading\">\u00bfCon qui\u00e9n compartimos su informaci\u00f3n personal y para qu\u00e9 fines?<\/h2>\n\n\n\n<p>Le informamos que sus datos personales son compartidos dentro del pa\u00eds con las siguientes personas, empresas, organizaciones o autoridades distintas a nosotros, para los siguientes fines:<\/p>\n\n\n\n<figure class=\"wp-block-table\"><table class=\"has-fixed-layout\"><thead><tr><th>Destinatario de los datos personales<\/th><th>Finalidad<\/th><th>Requiere del consentimiento<\/th><\/tr><\/thead><tbody><tr><td>Servicio de Administraci\u00f3n Tributaria<\/td><td>Cumplimiento de Normas Legales<\/td><td>No<\/td><\/tr><tr><td>Instituto Mexicano del Seguro Social<\/td><td>Cumplimiento de Normas Legales<\/td><td>No<\/td><\/tr><tr><td>Secretar\u00eda del Trabajo y Previsi\u00f3n Social<\/td><td>Cumplimiento de Normas Legales<\/td><td>No<\/td><\/tr><\/tbody><\/table><\/figure>\n\n\n\n<h2 class=\"wp-block-heading\">\u00bfC\u00f3mo puede acceder, rectificar o cancelar sus datos personales, u oponerse a su uso?<\/h2>\n\n\n\n<p>Usted tiene derecho a conocer qu\u00e9 datos personales tenemos de usted, para qu\u00e9 los utilizamos y las condiciones del uso que les damos (Acceso). Asimismo, es su derecho solicitar la correcci\u00f3n de su informaci\u00f3n personal en caso de que est\u00e9 desactualizada, sea inexacta o incompleta (Rectificaci\u00f3n); que la eliminemos de nuestros registros o bases de datos cuando considere que la misma no est\u00e1 siendo utilizada adecuadamente (Cancelaci\u00f3n); as\u00ed como oponerse al uso de sus datos personales para fines espec\u00edficos (Oposici\u00f3n). Estos derechos se conocen como derechos ARCO.<\/p>\n\n\n\n<p>Para el ejercicio de cualquiera de los derechos ARCO, usted deber\u00e1 presentar la solicitud respectiva a trav\u00e9s del siguiente medio<\/p>\n\n\n\n<p>Env\u00eda un Correo electr\u00f3nico a la direcci\u00f3n&nbsp;protecciondedatos@grupotaosa.com<\/p>\n\n\n\n<p>Para conocer el procedimiento y requisitos para el ejercicio de los derechos ARCO, ponemos a su disposici\u00f3n el siguiente medio:<\/p>\n\n\n\n<ul class=\"wp-block-list\">\n<li>protecciondedatos@grupotaosa.com<\/li>\n<\/ul>\n\n\n\n<p>Los datos de contacto de la persona o departamento de datos personales, que est\u00e1 a cargo de dar tr\u00e1mite a las solicitudes de derechos ARCO, son los siguientes:<\/p>\n\n\n\n<ul class=\"wp-block-list\">\n<li>a) Nombre de la persona o departamento de datos personales: Direcci\u00f3n de Administraci\u00f3n<\/li>\n\n\n\n<li>b) Domicilio: calle Carretera Ocotl\u00e1n &#8211; Tototl\u00e1n kil\u00f3metro 9.3, Delegaci\u00f3n de San Mart\u00edn de Zula, ciudad Ocotl\u00e1n, C.P. 47780, en la entidad de Jalisco, pa\u00eds M\u00e9xico<\/li>\n\n\n\n<li>c) Correo electr\u00f3nico: protecciondedatos@grupotaosa.com<\/li>\n\n\n\n<li>d) N\u00famero telef\u00f3nico: 52 392 923 0 101<\/li>\n<\/ul>\n\n\n\n<h2 class=\"wp-block-heading\">Usted puede revocar su consentimiento para el uso de sus datos personales<\/h2>\n\n\n\n<p>Usted puede revocar el consentimiento que, en su caso, nos haya otorgado para el tratamiento de sus datos personales. Sin embargo, es importante que tenga en cuenta que no en todos los casos podremos atender su solicitud o concluir el uso de forma inmediata, ya que es posible que por alguna obligaci\u00f3n legal requiramos seguir tratando sus datos personales. Asimismo, usted deber\u00e1 considerar que para ciertos fines, la revocaci\u00f3n de su consentimiento implicar\u00e1 que no le podamos seguir prestando el servicio que nos solicit\u00f3, o la conclusi\u00f3n de su relaci\u00f3n con nosotros.<\/p>\n\n\n\n<p>Para revocar su consentimiento deber\u00e1 presentar su solicitud a trav\u00e9s del siguiente medio:<\/p>\n\n\n\n<p>Correo Electr\u00f3nico :&nbsp;protecciondedatos@grupotaosa.com<\/p>\n\n\n\n<p>Para conocer el procedimiento y requisitos para la revocaci\u00f3n del consentimiento, ponemos a su disposici\u00f3n el siguiente medio:<\/p>\n\n\n\n<p>A trav\u00e9s de nuestra direcci\u00f3n de Correo Electr\u00f3nico&nbsp;protecciondedatos@grupotaosa.com<\/p>\n\n\n\n<h2 class=\"wp-block-heading\">\u00bfC\u00f3mo puede limitar el uso o divulgaci\u00f3n de su informaci\u00f3n personal?<\/h2>\n\n\n\n<p>Con objeto de que usted pueda limitar el uso y divulgaci\u00f3n de su informaci\u00f3n personal, le ofrecemos los siguientes medios<\/p>\n\n\n\n<p>A trav\u00e9s de comunicaci\u00f3n por Correo Electr\u00f3nico&nbsp;protecciondedatos@grupotaosa.com<\/p>\n\n\n\n<h2 class=\"wp-block-heading\">El uso de tecnolog\u00edas de rastreo en nuestro portal de internet<\/h2>\n\n\n\n<p>Le informamos que en nuestra p\u00e1gina de internet utilizamos cookies, web beacons u otras tecnolog\u00edas, a trav\u00e9s de las cuales es posible monitorear su comportamiento como usuario de internet, as\u00ed como brindarle un mejor servicio y experiencia al navegar en nuestra p\u00e1gina. Los datos personales que recabamos a trav\u00e9s de estas tecnolog\u00edas, los utilizaremos para los siguientes fines:<\/p>\n\n\n\n<p><\/p>\n\n\n\n<h2 class=\"wp-block-heading\">Mejora de la experiencia del Usuario<\/h2>\n\n\n\n<p>Los datos personales que obtenemos de estas tecnolog\u00edas de rastreo son los siguientes:<\/p>\n\n\n\n<ul class=\"wp-block-list\">\n<li>Publicidad revisada por un usuario<\/li>\n\n\n\n<li>Idioma preferido por el usuario<\/li>\n\n\n\n<li>Regi\u00f3n en la que se encuentra el usuario<\/li>\n\n\n\n<li>Tipo de navegador del usuario<\/li>\n\n\n\n<li>Tipo de sistema operativo del usuario<\/li>\n\n\n\n<li>Fecha y hora del inicio y final de una sesi\u00f3n de un usuario<\/li>\n\n\n\n<li>P\u00e1ginas web visitadas por un usuario<\/li>\n\n\n\n<li>B\u00fasquedas realizadas por un usuario<\/li>\n<\/ul>\n\n\n\n<h2 class=\"wp-block-heading\">\u00bfC\u00f3mo puede conocer los cambios en este aviso de privacidad?<\/h2>\n\n\n\n<p>El presente aviso de privacidad puede sufrir modificaciones, cambios o actualizaciones derivadas de nuevos requerimientos legales; de nuestras propias necesidades por los productos o servicios que ofrecemos; de nuestras pr\u00e1cticas de privacidad; de cambios en nuestro modelo de negocio, o por otras causas<\/p>\n\n\n\n<p>Nos comprometemos a mantenerlo informado sobre los cambios que pueda sufrir el presente aviso de privacidad, a trav\u00e9s de: En nuestra p\u00e1gina web\u00a0www.tecnopaneles.com<\/p>\n\n\n\n<p>El procedimiento a trav\u00e9s del cual se llevar\u00e1n a cabo las notificaciones sobre cambios o actualizaciones al presente aviso de privacidad es el siguiente: accediendo a nuestra p\u00e1gina web<\/p>\n\n\n\n<p><\/p>\n","protected":false},"excerpt":{"rendered":"<p>\u00bfQuienes somos? TECNOPANELES DE OCOTL\u00c1N SOCIEDAD ANONIMA DE CAPITAL VARIABLE, mejor conocido como TecnoPaneles, con domicilio en calle carretera Ocotl\u00e1n &#8211; Tototl\u00e1n kil\u00f3metro 9.3, en la delegaci\u00f3n de San Mart\u00edn de Zula, Municipio de Ocotl\u00e1n, Jalisco, con C\u00f3digo Postal 47780, y portal de internet&nbsp;www.tecnopaneles.com, es el responsable del uso y protecci\u00f3n&hellip;<\/p>","protected":false},"author":1,"featured_media":0,"parent":0,"menu_order":0,"comment_status":"closed","ping_status":"closed","template":"","meta":{"_joinchat":[],"footnotes":""},"class_list":["post-2473","page","type-page","status-publish","hentry"],"_links":{"self":[{"href":"https:\/\/tecnopaneles.mx\/en\/wp-json\/wp\/v2\/pages\/2473","targetHints":{"allow":["GET"]}}],"collection":[{"href":"https:\/\/tecnopaneles.mx\/en\/wp-json\/wp\/v2\/pages"}],"about":[{"href":"https:\/\/tecnopaneles.mx\/en\/wp-json\/wp\/v2\/types\/page"}],"author":[{"embeddable":true,"href":"https:\/\/tecnopaneles.mx\/en\/wp-json\/wp\/v2\/users\/1"}],"replies":[{"embeddable":true,"href":"https:\/\/tecnopaneles.mx\/en\/wp-json\/wp\/v2\/comments?post=2473"}],"version-history":[{"count":3,"href":"https:\/\/tecnopaneles.mx\/en\/wp-json\/wp\/v2\/pages\/2473\/revisions"}],"predecessor-version":[{"id":2999,"href":"https:\/\/tecnopaneles.mx\/en\/wp-json\/wp\/v2\/pages\/2473\/revisions\/2999"}],"wp:attachment":[{"href":"https:\/\/tecnopaneles.mx\/en\/wp-json\/wp\/v2\/media?parent=2473"}],"curies":[{"name":"wp","href":"https:\/\/api.w.org\/{rel}","templated":true}]}}