{"id":1653,"date":"2022-09-10T13:49:47","date_gmt":"2022-09-10T13:49:47","guid":{"rendered":"https:\/\/ciri.la-studioweb.com\/?page_id=1653"},"modified":"2025-12-18T14:28:12","modified_gmt":"2025-12-18T20:28:12","slug":"se-distribuidor","status":"publish","type":"page","link":"https:\/\/tecnopaneles.mx\/en\/se-distribuidor\/","title":{"rendered":"Convierte en Distribuidor"},"content":{"rendered":"<div data-elementor-type=\"wp-page\" data-elementor-id=\"1653\" class=\"elementor elementor-1653\">\n\t\t\t\t<div class=\"elementor-element elementor-element-2d439be e-flex e-con-boxed lakit-col-width-auto-no e-container e-root-container elementor-top-section e-con e-parent\" data-id=\"2d439be\" data-element_type=\"container\" data-e-type=\"container\" data-settings=\"{&quot;background_background&quot;:&quot;gradient&quot;}\">\n\t\t\t\t\t<div class=\"e-con-inner\">\n\t\t\t\t<div class=\"elementor-element elementor-element-524534b elementor-invisible elementor-widget elementor-widget-heading\" data-id=\"524534b\" data-element_type=\"widget\" data-e-type=\"widget\" data-settings=\"{&quot;_animation&quot;:&quot;lakitShortFadeInUp&quot;,&quot;_animation_delay&quot;:200}\" data-widget_type=\"heading.default\">\n\t\t\t\t\t<div class=\"elementor-heading-title elementor-size-default\">\u00danete a la red que construye el futuro del dise\u00f1o y la fabricaci\u00f3n\nde muebles en M\u00e9xico.<\/div>\t\t\t\t<\/div>\n\t\t\t\t<div class=\"elementor-element elementor-element-570b7af elementor-invisible elementor-widget elementor-widget-heading\" data-id=\"570b7af\" data-element_type=\"widget\" data-e-type=\"widget\" data-settings=\"{&quot;_animation&quot;:&quot;lakitShortFadeInUp&quot;,&quot;_animation_delay&quot;:300}\" data-widget_type=\"heading.default\">\n\t\t\t\t\t<h2 class=\"elementor-heading-title elementor-size-default\">DISTRIBUIDOR<\/h2>\t\t\t\t<\/div>\n\t\t\t\t\t<\/div>\n\t\t\t\t<\/div>\n\t\t<div class=\"elementor-element elementor-element-417aafb e-flex e-con-boxed lakit-col-width-auto-no e-container e-root-container elementor-top-section e-con e-parent\" data-id=\"417aafb\" data-element_type=\"container\" data-e-type=\"container\">\n\t\t\t\t\t<div class=\"e-con-inner\">\n\t\t<div class=\"elementor-element elementor-element-f2578a6 e-flex e-con-boxed lakit-col-width-auto-no e-container e-con e-child\" data-id=\"f2578a6\" data-element_type=\"container\" data-e-type=\"container\">\n\t\t\t\t\t<div class=\"e-con-inner\">\n\t\t\t\t<div class=\"elementor-element elementor-element-f6e112e carousel-overflow-yes bannerlist--preset-default lakit-arrow--showonhover-no lakit-dots--vertical-no elementor-widget lastudio-kit elementor-lakit-banner-list\" data-id=\"f6e112e\" data-element_type=\"widget\" data-e-type=\"widget\" data-widget_type=\"lakit-banner-list.default\">\n\t\t\t\t\t<style>.elementor-element-f6e112e .swiper-wrapper{--e-c-col:1}@media(max-width: 1599px){.elementor-element-f6e112e .swiper-wrapper{--e-c-col:1}}@media(max-width: 1279px){.elementor-element-f6e112e .swiper-wrapper{--e-c-col:1}}@media(max-width: 991px){.elementor-element-f6e112e .swiper-wrapper{--e-c-col:1}}<\/style>\n<div class=\"lakit-bannerlist layout-type-overlay preset-default lakit-carousel\" data-item_selector=\".lakit-bannerlist__item\" data-slider_options=\"{&quot;slidesToScroll&quot;:{&quot;desktop&quot;:&quot;1&quot;,&quot;laptop&quot;:&quot;1&quot;,&quot;tablet&quot;:&quot;1&quot;,&quot;mobile_extra&quot;:&quot;1&quot;},&quot;rows&quot;:{&quot;desktop&quot;:&quot;1&quot;,&quot;laptop&quot;:&quot;1&quot;,&quot;tablet&quot;:&quot;1&quot;,&quot;mobile_extra&quot;:&quot;1&quot;},&quot;autoplaySpeed&quot;:9000,&quot;autoplay&quot;:false,&quot;infinite&quot;:true,&quot;centerMode&quot;:false,&quot;pauseOnHover&quot;:false,&quot;pauseOnInteraction&quot;:false,&quot;reverseDirection&quot;:false,&quot;infiniteEffect&quot;:false,&quot;speed&quot;:500,&quot;arrows&quot;:false,&quot;dots&quot;:false,&quot;variableWidth&quot;:false,&quot;prevArrow&quot;:&quot;.lakit-carousel__prev-arrow-f6e112e&quot;,&quot;nextArrow&quot;:&quot;.lakit-carousel__next-arrow-f6e112e&quot;,&quot;dotsElm&quot;:&quot;.lakit-carousel__dots_f6e112e&quot;,&quot;rtl&quot;:false,&quot;effect&quot;:&quot;slide&quot;,&quot;coverflowEffect&quot;:{&quot;rotate&quot;:null,&quot;stretch&quot;:null,&quot;depth&quot;:null,&quot;modifier&quot;:null,&quot;scale&quot;:null},&quot;creativeEffect&quot;:{&quot;translateX&quot;:100},&quot;dotType&quot;:&quot;bullets&quot;,&quot;direction&quot;:&quot;horizontal&quot;,&quot;uniqueID&quot;:&quot;lakit_carousel_f6e112e&quot;,&quot;asFor&quot;:&quot;&quot;,&quot;thumbs&quot;:&quot;&quot;,&quot;autoHeight&quot;:false,&quot;scrollbar&quot;:{&quot;enabled&quot;:false,&quot;el&quot;:&quot;.lakit-carousel__scrollbar_f6e112e&quot;},&quot;directionbkp&quot;:{&quot;desktop&quot;:&quot;horizontal&quot;,&quot;laptop&quot;:&quot;horizontal&quot;,&quot;tablet&quot;:&quot;horizontal&quot;,&quot;mobile_extra&quot;:&quot;horizontal&quot;},&quot;slidesToShow&quot;:{&quot;desktop&quot;:&quot;1&quot;,&quot;laptop&quot;:&quot;1&quot;,&quot;tablet&quot;:&quot;1&quot;,&quot;mobile_extra&quot;:&quot;1&quot;}}\" dir=\"ltr\" >\n    <div class=\"lakit-carousel-inner\">    <div class=\"lakit-bannerlist__list_wrapper swiper-container\" id=\"lakit_carousel_f6e112e\">\n        <div class=\"lakit-bannerlist__list swiper-wrapper\">\n            <div class=\"elementor-repeater-item-6c4677b lakit-bannerlist__item swiper-slide\"><div class=\"lakit-bannerlist__inner\"><div class=\"lakit-bannerlist__link\"><div class=\"lakit-bannerlist__image\"><img loading=\"lazy\" decoding=\"async\" src=\"https:\/\/tecnopaneles.mx\/wp-content\/uploads\/2025\/12\/producto-31.jpg\" class=\"lakit-bannerlist__image-instance\" width=\"1000\" height=\"1000\" alt=\"\" style=\"--img-height:1000px\"><\/div><\/div><\/div><\/div><div class=\"elementor-repeater-item-25d561e lakit-bannerlist__item swiper-slide\"><div class=\"lakit-bannerlist__inner\"><div class=\"lakit-bannerlist__link\"><div class=\"lakit-bannerlist__image\"><img loading=\"lazy\" decoding=\"async\" src=\"https:\/\/tecnopaneles.mx\/wp-content\/uploads\/2025\/12\/producto-32.jpg\" class=\"lakit-bannerlist__image-instance\" width=\"1000\" height=\"1000\" alt=\"\" style=\"--img-height:1000px\"><\/div><\/div><\/div><\/div><div class=\"elementor-repeater-item-3c8d18a lakit-bannerlist__item swiper-slide\"><div class=\"lakit-bannerlist__inner\"><div class=\"lakit-bannerlist__link\"><div class=\"lakit-bannerlist__image\"><img loading=\"lazy\" decoding=\"async\" src=\"https:\/\/tecnopaneles.mx\/wp-content\/uploads\/2025\/12\/producto-29.jpg\" class=\"lakit-bannerlist__image-instance\" width=\"1000\" height=\"1000\" alt=\"\" style=\"--img-height:1000px\"><\/div><\/div><\/div><\/div>        <\/div>\n    <\/div>\n    <\/div><\/div>\t\t\t\t<\/div>\n\t\t\t\t\t<\/div>\n\t\t\t\t<\/div>\n\t\t\t\t\t<\/div>\n\t\t\t\t<\/div>\n\t\t<div class=\"elementor-element elementor-element-119f3e7 e-flex e-con-boxed lakit-col-width-auto-no e-container e-root-container elementor-top-section e-con e-parent\" data-id=\"119f3e7\" data-element_type=\"container\" data-e-type=\"container\">\n\t\t\t\t\t<div class=\"e-con-inner\">\n\t\t\t\t<div class=\"elementor-element elementor-element-49c4726 elementor-invisible elementor-widget elementor-widget-heading\" data-id=\"49c4726\" data-element_type=\"widget\" data-e-type=\"widget\" data-settings=\"{&quot;_animation&quot;:&quot;lakitShortFadeInUp&quot;,&quot;_animation_delay&quot;:200}\" data-widget_type=\"heading.default\">\n\t\t\t\t\t<h2 class=\"elementor-heading-title elementor-size-default\">\u00bfPor qu\u00e9 sumarte a nuestra red de distribuidores?<\/h2>\t\t\t\t<\/div>\n\t\t<div class=\"elementor-element elementor-element-89e24b8 e-flex e-con-boxed lakit-col-width-auto-no e-container e-con e-child\" data-id=\"89e24b8\" data-element_type=\"container\" data-e-type=\"container\">\n\t\t\t\t\t<div class=\"e-con-inner\">\n\t\t\t\t<div class=\"elementor-element elementor-element-dc1b2ea elementor-widget__width-initial lakit-equal-height-enable elementor-invisible elementor-widget lastudio-kit elementor-lakit-icon-box\" data-id=\"dc1b2ea\" data-element_type=\"widget\" data-e-type=\"widget\" data-settings=\"{&quot;_animation&quot;:&quot;lakitShortFadeInUp&quot;,&quot;_animation_delay&quot;:300}\" data-widget_type=\"lakit-icon-box.default\">\n\t\t\t\t\t<div class=\"lakit-iconbox lakit-iconbox__icon-align-lefttitle elementor-animation-\"><div class=\"lakit-iconbox__box_body\"><div class=\"lakit-iconbox__desc\"><p><strong>01. Acceso anticipado a nuevos<\/strong><br \/><strong>lanzamientos<\/strong><\/p><p>S\u00e9 el primero en ofrecer nuestras nuevas colecciones<br \/>de dise\u00f1o, texturas y acabados.<\/p><\/div><\/div><\/div>\t\t\t\t<\/div>\n\t\t\t\t<div class=\"elementor-element elementor-element-32596ec elementor-widget__width-initial lakit-equal-height-enable elementor-invisible elementor-widget lastudio-kit elementor-lakit-icon-box\" data-id=\"32596ec\" data-element_type=\"widget\" data-e-type=\"widget\" data-settings=\"{&quot;_animation&quot;:&quot;lakitShortFadeInUp&quot;,&quot;_animation_delay&quot;:400}\" data-widget_type=\"lakit-icon-box.default\">\n\t\t\t\t\t<div class=\"lakit-iconbox lakit-iconbox__icon-align-lefttitle elementor-animation-\"><div class=\"lakit-iconbox__box_body\"><div class=\"lakit-iconbox__desc\"><p><strong>02. Descuentos y precios preferenciales\u00a0 \u00a0 <\/strong><\/p><p>Condiciones especiales por volumen, zona o proyectos<br \/>estrat\u00e9gicos.<\/p><\/div><\/div><\/div>\t\t\t\t<\/div>\n\t\t\t\t<div class=\"elementor-element elementor-element-b242a6b elementor-widget__width-initial lakit-equal-height-enable elementor-invisible elementor-widget lastudio-kit elementor-lakit-icon-box\" data-id=\"b242a6b\" data-element_type=\"widget\" data-e-type=\"widget\" data-settings=\"{&quot;_animation&quot;:&quot;lakitShortFadeInUp&quot;,&quot;_animation_delay&quot;:500}\" data-widget_type=\"lakit-icon-box.default\">\n\t\t\t\t\t<div class=\"lakit-iconbox lakit-iconbox__icon-align-lefttitle elementor-animation-\"><div class=\"lakit-iconbox__box_body\"><div class=\"lakit-iconbox__desc\"><p><strong>03.\u00a0 Promociones exclusivas y campa\u00f1as de temporada<\/strong><\/p><p>Acceso a paquetes promocionales, descuentos<br \/>especiales y acciones de marketing compartido.<\/p><\/div><\/div><\/div>\t\t\t\t<\/div>\n\t\t\t\t<div class=\"elementor-element elementor-element-6b0239d elementor-widget__width-initial lakit-equal-height-enable elementor-invisible elementor-widget lastudio-kit elementor-lakit-icon-box\" data-id=\"6b0239d\" data-element_type=\"widget\" data-e-type=\"widget\" data-settings=\"{&quot;_animation&quot;:&quot;lakitShortFadeInUp&quot;,&quot;_animation_delay&quot;:400}\" data-widget_type=\"lakit-icon-box.default\">\n\t\t\t\t\t<div class=\"lakit-iconbox lakit-iconbox__icon-align-lefttitle elementor-animation-\"><div class=\"lakit-iconbox__box_body\"><div class=\"lakit-iconbox__desc\"><p><strong>04. Material POP, contenido y herramientas de venta<\/strong><\/p><p><br \/>Apoyo constante con cat\u00e1logos, muestras f\u00edsicas, displays<br \/>y contenido digital profesional.<\/p><\/div><\/div><\/div>\t\t\t\t<\/div>\n\t\t\t\t<div class=\"elementor-element elementor-element-019121b elementor-widget__width-initial lakit-equal-height-enable elementor-invisible elementor-widget lastudio-kit elementor-lakit-icon-box\" data-id=\"019121b\" data-element_type=\"widget\" data-e-type=\"widget\" data-settings=\"{&quot;_animation&quot;:&quot;lakitShortFadeInUp&quot;,&quot;_animation_delay&quot;:500}\" data-widget_type=\"lakit-icon-box.default\">\n\t\t\t\t\t<div class=\"lakit-iconbox lakit-iconbox__icon-align-lefttitle elementor-animation-\"><div class=\"lakit-iconbox__box_body\"><div class=\"lakit-iconbox__desc\"><p><strong>05. Capacitaci\u00f3n t\u00e9cnica y comercial<\/strong><\/p><p><br \/>Entrenamiento continuo sobre productos, aplicaciones,<br \/>texturas y tendencias del mercado.<\/p><\/div><\/div><\/div>\t\t\t\t<\/div>\n\t\t\t\t<div class=\"elementor-element elementor-element-d87c216 elementor-widget__width-initial lakit-equal-height-enable elementor-invisible elementor-widget lastudio-kit elementor-lakit-icon-box\" data-id=\"d87c216\" data-element_type=\"widget\" data-e-type=\"widget\" data-settings=\"{&quot;_animation&quot;:&quot;lakitShortFadeInUp&quot;,&quot;_animation_delay&quot;:600}\" data-widget_type=\"lakit-icon-box.default\">\n\t\t\t\t\t<div class=\"lakit-iconbox lakit-iconbox__icon-align-lefttitle elementor-animation-\"><div class=\"lakit-iconbox__box_body\"><div class=\"lakit-iconbox__desc\"><p><strong>06. Respaldo log\u00edstico y soporte personalizado\u00a0 <\/strong><\/p><p>Operamos con una cadena log\u00edstica s\u00f3lida que garantiza<br \/>entregas eficientes y soporte directo de nuestro equipo.<\/p><\/div><\/div><\/div>\t\t\t\t<\/div>\n\t\t\t\t\t<\/div>\n\t\t\t\t<\/div>\n\t\t\t\t\t<\/div>\n\t\t\t\t<\/div>\n\t\t<div class=\"elementor-element elementor-element-16dcbf5 e-flex e-con-boxed lakit-col-width-auto-no e-container e-root-container elementor-top-section e-con e-parent\" data-id=\"16dcbf5\" data-element_type=\"container\" data-e-type=\"container\">\n\t\t\t\t\t<div class=\"e-con-inner\">\n\t\t\t\t<div class=\"elementor-element elementor-element-74e55eb elementor-widget elementor-widget-heading\" data-id=\"74e55eb\" data-element_type=\"widget\" data-e-type=\"widget\" data-widget_type=\"heading.default\">\n\t\t\t\t\t<h2 class=\"elementor-heading-title elementor-size-default\">Conviertete en distribuidor<\/h2>\t\t\t\t<\/div>\n\t\t\t\t\t<\/div>\n\t\t\t\t<\/div>\n\t\t<div class=\"elementor-element elementor-element-7989d30 e-flex e-con-boxed lakit-col-width-auto-no e-container e-root-container elementor-top-section e-con e-parent\" data-id=\"7989d30\" data-element_type=\"container\" data-e-type=\"container\">\n\t\t\t\t\t<div class=\"e-con-inner\">\n\t\t\t\t<div class=\"elementor-element elementor-element-4d96585 elementor-widget lastudio-kit elementor-lakit-contactform7\" data-id=\"4d96585\" data-element_type=\"widget\" data-e-type=\"widget\" data-widget_type=\"lakit-contactform7.default\">\n\t\t\t\t\t\n<div class=\"wpcf7 no-js\" id=\"wpcf7-f3672-o1\" lang=\"es-ES\" dir=\"ltr\" data-wpcf7-id=\"3672\">\n<div class=\"screen-reader-response\"><p role=\"status\" aria-live=\"polite\" aria-atomic=\"true\"><\/p> <ul><\/ul><\/div>\n<form action=\"\/en\/wp-json\/wp\/v2\/pages\/1653#wpcf7-f3672-o1\" method=\"post\" class=\"wpcf7-form init\" aria-label=\"Formulario de contacto\" novalidate=\"novalidate\" data-status=\"init\" data-trp-original-action=\"\/en\/wp-json\/wp\/v2\/pages\/1653#wpcf7-f3672-o1\">\n<fieldset class=\"hidden-fields-container\"><input type=\"hidden\" name=\"_wpcf7\" value=\"3672\" \/><input type=\"hidden\" name=\"_wpcf7_version\" value=\"6.1.5\" \/><input type=\"hidden\" name=\"_wpcf7_locale\" value=\"es_ES\" \/><input type=\"hidden\" name=\"_wpcf7_unit_tag\" value=\"wpcf7-f3672-o1\" \/><input type=\"hidden\" name=\"_wpcf7_container_post\" value=\"0\" \/><input type=\"hidden\" name=\"_wpcf7_posted_data_hash\" value=\"\" \/>\n<\/fieldset>\n<label>Nombre completo*<\/label><br>\n<span class=\"wpcf7-form-control-wrap\" data-name=\"nombre\"><input size=\"40\" maxlength=\"400\" class=\"wpcf7-form-control wpcf7-text wpcf7-validates-as-required\" aria-required=\"true\" aria-invalid=\"false\" placeholder=\"Nombre completo\" value=\"\" type=\"text\" name=\"nombre\" \/><\/span>\n<br><br>\n\n<label>Tel\u00e9fono \/ WhatsApp*<\/label><br>\n<span class=\"wpcf7-form-control-wrap\" data-name=\"telefono\"><input size=\"40\" maxlength=\"400\" class=\"wpcf7-form-control wpcf7-tel wpcf7-validates-as-required wpcf7-text wpcf7-validates-as-tel\" aria-required=\"true\" aria-invalid=\"false\" placeholder=\"Tel\u00e9fono \/ WhatsApp\" value=\"\" type=\"tel\" name=\"telefono\" \/><\/span>\n<br><br>\n\n<label>Correo electr\u00f3nico*<\/label><br>\n<span class=\"wpcf7-form-control-wrap\" data-name=\"email\"><input size=\"40\" maxlength=\"400\" class=\"wpcf7-form-control wpcf7-email wpcf7-validates-as-required wpcf7-text wpcf7-validates-as-email\" aria-required=\"true\" aria-invalid=\"false\" placeholder=\"Correo electr\u00f3nico\" value=\"\" type=\"email\" name=\"email\" \/><\/span>\n<br><br>\n\n<label>Estado*<\/label><br>\n<span class=\"wpcf7-form-control-wrap\" data-name=\"estado\"><select class=\"wpcf7-form-control wpcf7-select wpcf7-validates-as-required\" aria-required=\"true\" aria-invalid=\"false\" name=\"estado\"><option value=\"\">&#8212;Por favor, elige una opci\u00f3n&#8212;<\/option><option value=\"Aguascalientes\">Aguascalientes<\/option><option value=\"Baja California\">Baja California<\/option><option value=\"Baja California Sur\">Baja California Sur<\/option><option value=\"Campeche\">Campeche<\/option><option value=\"Chiapas\">Chiapas<\/option><option value=\"Chihuahua\">Chihuahua<\/option><option value=\"Ciudad de M\u00e9xico\">Ciudad de M\u00e9xico<\/option><option value=\"Coahuila\">Coahuila<\/option><option value=\"Colima\">Colima<\/option><option value=\"Durango\">Durango<\/option><option value=\"Estado de M\u00e9xico\">Estado de M\u00e9xico<\/option><option value=\"Guanajuato\">Guanajuato<\/option><option value=\"Guerrero\">Guerrero<\/option><option value=\"Hidalgo\">Hidalgo<\/option><option value=\"Jalisco\">Jalisco<\/option><option value=\"Michoac\u00e1n\">Michoac\u00e1n<\/option><option value=\"Morelos\">Morelos<\/option><option value=\"Nayarit\">Nayarit<\/option><option value=\"Nuevo Le\u00f3n\">Nuevo Le\u00f3n<\/option><option value=\"Oaxaca\">Oaxaca<\/option><option value=\"Puebla\">Puebla<\/option><option value=\"Quer\u00e9taro\">Quer\u00e9taro<\/option><option value=\"Quintana Roo\">Quintana Roo<\/option><option value=\"San Luis Potos\u00ed\">San Luis Potos\u00ed<\/option><option value=\"Sinaloa\">Sinaloa<\/option><option value=\"Sonora\">Sonora<\/option><option value=\"Tabasco\">Tabasco<\/option><option value=\"Tamaulipas\">Tamaulipas<\/option><option value=\"Tlaxcala\">Tlaxcala<\/option><option value=\"Veracruz\">Veracruz<\/option><option value=\"Yucat\u00e1n\">Yucat\u00e1n<\/option><option value=\"Zacatecas\">Zacatecas<\/option><\/select><\/span>\n<br><br>\n\n<label>Ciudad*<\/label><br>\n<span class=\"wpcf7-form-control-wrap\" data-name=\"ciudad\"><input size=\"40\" maxlength=\"400\" class=\"wpcf7-form-control wpcf7-text wpcf7-validates-as-required\" aria-required=\"true\" aria-invalid=\"false\" placeholder=\"Ciudad\" value=\"\" type=\"text\" name=\"ciudad\" \/><\/span>\n<br><br>\n\n<label>\u00bfQu\u00e9 productos te interesa distribuir?*<\/label><br>\n<span class=\"wpcf7-form-control-wrap\" data-name=\"productos\"><span class=\"wpcf7-form-control wpcf7-checkbox wpcf7-validates-as-required\"><span class=\"wpcf7-list-item first\"><label><input type=\"checkbox\" name=\"productos[]\" value=\"Aglomerado\" \/><span class=\"wpcf7-list-item-label\">Aglomerado<\/span><\/label><\/span><span class=\"wpcf7-list-item\"><label><input type=\"checkbox\" name=\"productos[]\" value=\"MDF\" \/><span class=\"wpcf7-list-item-label\">MDF<\/span><\/label><\/span><span class=\"wpcf7-list-item\"><label><input type=\"checkbox\" name=\"productos[]\" value=\"Melaminas\" \/><span class=\"wpcf7-list-item-label\">Melaminas<\/span><\/label><\/span><span class=\"wpcf7-list-item\"><label><input type=\"checkbox\" name=\"productos[]\" value=\"Chapa Natural (Veneer)\" \/><span class=\"wpcf7-list-item-label\">Chapa Natural (Veneer)<\/span><\/label><\/span><span class=\"wpcf7-list-item\"><label><input type=\"checkbox\" name=\"productos[]\" value=\"Foil\" \/><span class=\"wpcf7-list-item-label\">Foil<\/span><\/label><\/span><span class=\"wpcf7-list-item last\"><label><input type=\"checkbox\" name=\"productos[]\" value=\"Otros\" \/><span class=\"wpcf7-list-item-label\">Otros<\/span><\/label><\/span><\/span><\/span>\n<br><br>\n\n<label>Tipo de negocio*<\/label><br>\n<span class=\"wpcf7-form-control-wrap\" data-name=\"tipo_negocio\"><select class=\"wpcf7-form-control wpcf7-select wpcf7-validates-as-required\" aria-required=\"true\" aria-invalid=\"false\" name=\"tipo_negocio\"><option value=\"\">&#8212;Por favor, elige una opci\u00f3n&#8212;<\/option><option value=\"Carpinter\u00eda\">Carpinter\u00eda<\/option><option value=\"Maderer\u00eda\">Maderer\u00eda<\/option><option value=\"F\u00e1brica de muebles\">F\u00e1brica de muebles<\/option><option value=\"Arquitecto \/ Dise\u00f1ador\">Arquitecto \/ Dise\u00f1ador<\/option><option value=\"Distribuidor\">Distributor<\/option><option value=\"Otro\">Otro<\/option><\/select><\/span>\n<br><br>\n\n<label>Mensaje adicional*<\/label><br>\n<span class=\"wpcf7-form-control-wrap\" data-name=\"mensaje\"><textarea cols=\"40\" rows=\"10\" maxlength=\"2000\" class=\"wpcf7-form-control wpcf7-textarea wpcf7-validates-as-required\" aria-required=\"true\" aria-invalid=\"false\" placeholder=\"Cu\u00e9ntanos brevemente tu proyecto o necesidad\" name=\"mensaje\"><\/textarea><\/span>\n<br><br>\n\n<input class=\"wpcf7-form-control wpcf7-submit has-spinner\" type=\"submit\" value=\"Quiero informaci\u00f3n para distribuir\" \/><div class=\"wpcf7-response-output\" aria-hidden=\"true\"><\/div>\n<input type=\"hidden\" name=\"trp-form-language\" value=\"en\"\/><\/form>\n<\/div>\n\t\t\t\t<\/div>\n\t\t\t\t\t<\/div>\n\t\t\t\t<\/div>\n\t\t<div class=\"elementor-element elementor-element-acbc822 e-flex e-con-boxed lakit-col-width-auto-no e-container e-root-container elementor-top-section e-con e-parent\" data-id=\"acbc822\" data-element_type=\"container\" data-e-type=\"container\">\n\t\t\t\t\t<div class=\"e-con-inner\">\n\t\t\t\t<div class=\"elementor-element elementor-element-d5c94bb elementor-widget elementor-widget-spacer\" data-id=\"d5c94bb\" data-element_type=\"widget\" data-e-type=\"widget\" data-widget_type=\"spacer.default\">\n\t\t\t\t\t\t\t<div class=\"elementor-spacer\">\n\t\t\t<div class=\"elementor-spacer-inner\"><\/div>\n\t\t<\/div>\n\t\t\t\t\t\t<\/div>\n\t\t\t\t\t<\/div>\n\t\t\t\t<\/div>\n\t\t\t\t<\/div>","protected":false},"excerpt":{"rendered":"<p>\u00danete a la red que construye el futuro del dise\u00f1o y la fabricaci\u00f3n de muebles en M\u00e9xico. DISTRIBUIDOR \u00bfPor qu\u00e9 sumarte a nuestra red de distribuidores? 01. Acceso anticipado a nuevoslanzamientos S\u00e9 el primero en ofrecer nuestras nuevas coleccionesde dise\u00f1o, texturas y acabados. 02. Descuentos y precios preferenciales\u00a0 \u00a0 Condiciones especiales&hellip;<\/p>","protected":false},"author":1,"featured_media":0,"parent":0,"menu_order":0,"comment_status":"closed","ping_status":"closed","template":"","meta":{"_joinchat":[],"footnotes":""},"class_list":["post-1653","page","type-page","status-publish","hentry"],"_links":{"self":[{"href":"https:\/\/tecnopaneles.mx\/en\/wp-json\/wp\/v2\/pages\/1653","targetHints":{"allow":["GET"]}}],"collection":[{"href":"https:\/\/tecnopaneles.mx\/en\/wp-json\/wp\/v2\/pages"}],"about":[{"href":"https:\/\/tecnopaneles.mx\/en\/wp-json\/wp\/v2\/types\/page"}],"author":[{"embeddable":true,"href":"https:\/\/tecnopaneles.mx\/en\/wp-json\/wp\/v2\/users\/1"}],"replies":[{"embeddable":true,"href":"https:\/\/tecnopaneles.mx\/en\/wp-json\/wp\/v2\/comments?post=1653"}],"version-history":[{"count":25,"href":"https:\/\/tecnopaneles.mx\/en\/wp-json\/wp\/v2\/pages\/1653\/revisions"}],"predecessor-version":[{"id":4006,"href":"https:\/\/tecnopaneles.mx\/en\/wp-json\/wp\/v2\/pages\/1653\/revisions\/4006"}],"wp:attachment":[{"href":"https:\/\/tecnopaneles.mx\/en\/wp-json\/wp\/v2\/media?parent=1653"}],"curies":[{"name":"wp","href":"https:\/\/api.w.org\/{rel}","templated":true}]}}